{"id":5804,"date":"2024-08-28T09:22:31","date_gmt":"2024-08-28T07:22:31","guid":{"rendered":"https:\/\/www.kosit.sk\/residents\/operation-of-collection-yards\/"},"modified":"2025-07-03T10:19:26","modified_gmt":"2025-07-03T08:19:26","slug":"operation-of-collection-yards","status":"publish","type":"page","link":"https:\/\/www.kosit.sk\/en\/residents\/operation-of-collection-yards\/","title":{"rendered":"Operation of collection yards"},"content":{"rendered":"<div id=\"pl-5804\"  class=\"panel-layout\" ><div id=\"pg-5804-0\"  class=\"panel-grid panel-no-style\" ><div id=\"pgc-5804-0-0\"  class=\"panel-grid-cell\" ><div id=\"panel-5804-0-0-0\" class=\"so-panel widget widget_sow-editor panel-first-child panel-last-child\" data-index=\"0\" ><div\n\t\t\t\n\t\t\tclass=\"so-widget-sow-editor so-widget-sow-editor-base\"\n\t\t\t\n\t\t>\n<div class=\"siteorigin-widget-tinymce textwidget\">\n\t<h2>Basic principles for taking waste to the collection yard:<\/h2>\n<p>&nbsp;<\/p>\n<\/div>\n<\/div><\/div><\/div><div id=\"pgc-5804-0-1\"  class=\"panel-grid-cell\" ><div id=\"panel-5804-0-1-0\" class=\"so-panel widget widget_sow-editor panel-first-child\" data-index=\"1\" ><div class=\"panel-widget-style panel-widget-style-for-5804-0-1-0\" ><div\n\t\t\t\n\t\t\tclass=\"so-widget-sow-editor so-widget-sow-editor-base\"\n\t\t\t\n\t\t>\n<div class=\"siteorigin-widget-tinymce textwidget\">\n\t<ul class=\"list_check\">\n<li>When entering, staying and handing over waste in the collection yard area, the citizen shall follow the instructions of the operator<\/li>\n<li>When bringing waste to the collection yard, the citizen must present his\/her ID card<\/li>\n<li>A maximum of 2 vehicles are allowed to enter the collection yard area at the same time <\/li>\n<li>The waste is taken over by the operator in the order in which the citizens arrive and coordinates the whole process<\/li>\n<li>It is forbidden to deposit waste out of the order specified by the operator<\/li>\n<li>Household waste containing hazardous substances is accepted to the largest extent by the collection yard at the slaughterhouse<\/li>\n<\/ul>\n<\/div>\n<\/div><\/div><\/div><div id=\"panel-5804-0-1-1\" class=\"so-panel widget widget_sow-editor panel-last-child\" data-index=\"2\" ><div\n\t\t\t\n\t\t\tclass=\"so-widget-sow-editor so-widget-sow-editor-base\"\n\t\t\t\n\t\t>\n<div class=\"siteorigin-widget-tinymce textwidget\">\n\t<h4>Opening hours<\/h4>\n\n<table id=\"tablepress-26\" class=\"tablepress tablepress-id-26\">\n<thead>\n<tr class=\"row-1 odd\">\n\t<th class=\"column-1\">Summer scheme (1 April - 30 September)<\/th><th class=\"column-2\">Winter mode 1 October - 31 March<\/th>\n<\/tr>\n<\/thead>\n<tbody>\n<tr class=\"row-2 even\">\n\t<td class=\"column-1\">Monday - Saturday:<br \/>\n<br \/>\n7.00 a.m. - 6.00 p.m.<\/td><td class=\"column-2\">Monday - Friday:<br \/>\n<br \/>\n9.00 a.m. - 5.00 p.m.<\/td>\n<\/tr>\n<tr class=\"row-3 odd\">\n\t<td class=\"column-1\"><\/td><td class=\"column-2\">Saturday:<br \/>\n<br \/>\n8.00 a.m. - 3.00 p.m.<\/td>\n<\/tr>\n<tr class=\"row-4 even\">\n\t<td class=\"column-1\"><\/td><td class=\"column-2\"><\/td>\n<\/tr>\n<\/tbody>\n<\/table>\n\n<p>Lunch break (valid in winter and summer): 12.30 - 13.00<\/p>\n<h4><span style=\"color: #6b9d22;\">All collection yards are CLOSED during public holidays.<\/span><\/h4>\n<\/div>\n<\/div><\/div><\/div><\/div><div id=\"pg-5804-1\"  class=\"panel-grid panel-has-style\" ><div class=\"panel-row-style panel-row-style-for-5804-1\" ><div id=\"pgc-5804-1-0\"  class=\"panel-grid-cell\" ><div id=\"panel-5804-1-0-0\" class=\"so-panel widget widget_sow-editor panel-first-child panel-last-child\" data-index=\"3\" ><div\n\t\t\t\n\t\t\tclass=\"so-widget-sow-editor so-widget-sow-editor-base\"\n\t\t\t\n\t\t>\n<div class=\"siteorigin-widget-tinymce textwidget\">\n\t<hr>\n<\/div>\n<\/div><\/div><\/div><\/div><\/div><div id=\"pg-5804-2\"  class=\"panel-grid panel-no-style\" ><div id=\"pgc-5804-2-0\"  class=\"panel-grid-cell\" ><div id=\"panel-5804-2-0-0\" class=\"so-panel widget widget_sow-image panel-first-child panel-last-child\" data-index=\"4\" ><div\n\t\t\t\n\t\t\tclass=\"so-widget-sow-image so-widget-sow-image-default-8b5b6f678277-5804\"\n\t\t\t\n\t\t>\n<div class=\"sow-image-container\">\n\t\t<img \n\tsrc=\"https:\/\/www.kosit.sk\/wp-content\/uploads\/2025\/01\/IMG_11890.jpg\" width=\"2016\" height=\"1512\" srcset=\"https:\/\/www.kosit.sk\/wp-content\/uploads\/2025\/01\/IMG_11890.jpg 2016w, https:\/\/www.kosit.sk\/wp-content\/uploads\/2025\/01\/IMG_11890-300x225.jpg 300w, https:\/\/www.kosit.sk\/wp-content\/uploads\/2025\/01\/IMG_11890-1024x768.jpg 1024w\" sizes=\"(max-width: 2016px) 100vw, 2016px\" alt=\"\" \t\tclass=\"so-widget-image\"\/>\n\t<\/div>\n\n<\/div><\/div><\/div><div id=\"pgc-5804-2-1\"  class=\"panel-grid-cell\" ><div id=\"panel-5804-2-1-0\" class=\"so-panel widget widget_sow-editor panel-first-child panel-last-child\" data-index=\"5\" ><div class=\"contact-info panel-widget-style panel-widget-style-for-5804-2-1-0\" ><div\n\t\t\t\n\t\t\tclass=\"so-widget-sow-editor so-widget-sow-editor-base\"\n\t\t\t\n\t\t>\n<div class=\"siteorigin-widget-tinymce textwidget\">\n\t<h3 style=\"text-align: left;\">Where to find us<\/h3>\n<ul>\n<li><span style=\"color: #000000;\"><strong>NEW<\/strong><\/span> <a href=\"https:\/\/maps.app.goo.gl\/G28NUoq37rLG5dj19\">Collection yard Jarmo\u010dn\u00e1 2, Ko\u0161ice - South<\/a><\/li>\n<li><a href=\"https:\/\/www.google.sk\/maps\/place\/Zbern%C3%BD+dvor+KOSIT\/@48.7122344,21.2694836,17.96z\/data=!4m5!3m4!1s0x0:0x57630ee065227c7!8m2!3d48.7123338!4d21.2689807?shorturl=1\" target=\"_blank\" rel=\"noopener\">Collection yard Pri bit\u00fanku 11, Ko\u0161ice - South<\/a><\/li>\n<li><a href=\"https:\/\/www.google.sk\/maps\/place\/Zbern%C3%BD+dvor+KOSIT\/@48.721391,21.2261277,18z\/data=!3m1!4b1!4m13!1m7!3m6!1s0x473ee03f6d501ecf:0xd51b518dccc0352b!2zUG9wcmFkc2vDoSwgMDQwIDExIEtvxaFpY2U!3b1!8m2!3d48.7121542!4d21.2272976!3m4!1s0x473ee04f4228c317:0x66c313bd13c3c747!8m2!3d48.721391!4d21.2268171?shorturl=1\" target=\"_blank\" rel=\"noopener\">Collection yard Popradsk\u00e1, Ko\u0161ice - West<\/a><\/li>\n<li><a href=\"https:\/\/www.google.sk\/maps\/place\/Zbern%C3%BD+dvor+KOSIT\/@48.749978,21.2607703,17z\/data=!4m8!1m2!2m1!1sMagnezit%C3%A1rska+11,+040+13+Ko%C5%A1ice+zberny+dvor!3m4!1s0x473ee0c1df46ee65:0x51cc32f89c80d269!8m2!3d48.7503811!4d21.2613978?shorturl=1\" target=\"_blank\" rel=\"noopener\">Collection yard Magnezit\u00e1rska 11\/A, Ko\u0161ice - \u0164ahanovce<\/a><\/li>\n<li><a href=\"https:\/\/www.google.sk\/maps\/place\/%C5%BDeleziarensk%C3%A1+501%2F49,+040+15+%C5%A0aca\/@48.6283546,21.1717065,19.25z\/data=!4m5!3m4!1s0x473f1f49d2444fe1:0xd378ddb2af816872!8m2!3d48.6282145!4d21.1721321?shorturl=1\" target=\"_blank\" rel=\"noopener\">Collection yard \u017deleziarensk\u00e1 49, Ko\u0161ice - \u0160aca<\/a><\/li>\n<li><a href=\"https:\/\/www.google.sk\/maps\/place\/Zbern%C3%BD+dvor+KOSIT\/@48.6795176,21.2861828,17z\/data=!3m1!4b1!4m5!3m4!1s0x473f21d9c263f77d:0x1ae7d35e6eafff53!8m2!3d48.6795141!4d21.2883768\">Collection yard Nap\u00e1jadl\u00e1 17\/A, Ko\u0161ice - Nad jazerom<\/a><\/li>\n<\/ul>\n<\/div>\n<\/div><\/div><\/div><\/div><\/div><div id=\"pg-5804-3\"  class=\"panel-grid panel-no-style\" ><div id=\"pgc-5804-3-0\"  class=\"panel-grid-cell\" ><div id=\"panel-5804-3-0-0\" class=\"so-panel widget widget_sow-editor panel-first-child panel-last-child\" data-index=\"6\" ><div\n\t\t\t\n\t\t\tclass=\"so-widget-sow-editor so-widget-sow-editor-base\"\n\t\t\t\n\t\t>\n<div class=\"siteorigin-widget-tinymce textwidget\">\n\t<hr>\n<\/div>\n<\/div><\/div><\/div><\/div><div id=\"pg-5804-4\"  class=\"panel-grid panel-no-style\" ><div id=\"pgc-5804-4-0\"  class=\"panel-grid-cell\" ><div id=\"panel-5804-4-0-0\" class=\"so-panel widget widget_sow-editor panel-first-child panel-last-child\" data-index=\"7\" ><div\n\t\t\t\n\t\t\tclass=\"so-widget-sow-editor so-widget-sow-editor-base\"\n\t\t\t\n\t\t>\n<div class=\"siteorigin-widget-tinymce textwidget\">\n\t<h4>Collection yards <strong>are not<\/strong> intended for<\/h4>\n<ul class=\"list_check\">\n<li>Natural persons - entrepreneurs (sole traders), legal entities and various construction companies, apartment owners' associations, municipal authorities, schools.<br \/><strong>It is forbidden<\/strong> to take waste from these entities and entrepreneurs <strong>!<\/strong><\/li>\n<\/ul>\n<p>The citizen is obliged to:<\/p>\n<ul class=\"list_check\">\n<li>Proof of <strong>ID <\/strong>in person or <strong>a decision on the local municipal tax for waste disposal<\/strong> if he\/she owns a non-residential flat.<\/li>\n<li>When unloading and placing waste into containers, it is necessary to follow the instructions of the collection yard attendant who is present during this activity.<\/li>\n<\/ul>\n<\/div>\n<\/div><\/div><\/div><div id=\"pgc-5804-4-1\"  class=\"panel-grid-cell\" ><div id=\"panel-5804-4-1-0\" class=\"so-panel widget widget_sow-editor panel-first-child panel-last-child\" data-index=\"8\" ><div\n\t\t\t\n\t\t\tclass=\"so-widget-sow-editor so-widget-sow-editor-base\"\n\t\t\t\n\t\t>\n<div class=\"siteorigin-widget-tinymce textwidget\">\n\t<p><strong>All collection points are used for the professional and, above all, environmentally friendly management of different types of waste.<\/strong><\/p>\n<p>It is allowed to bring ordinary and special (hazardous, toxic, ...) waste to the collection yards, which cannot be disposed of in regular municipal waste collection containers due to its quantity, volume or nature.<\/p>\n<h4><\/h4>\n<h4><strong>Collection points for entrepreneurs<\/strong><\/h4>\n<p>Businesses can find out about the price offer for the removal and disposal \/ recovery of oversized, unnecessary or other waste at obchod@kosit.sk, where you will be provided with all the necessary information and an indicative price offer.<\/p>\n<\/div>\n<\/div><\/div><\/div><\/div><\/div>","protected":false},"excerpt":{"rendered":"<p>Basic principles for taking waste to the collection yard: &nbsp; When entering, staying and handing over waste in the collection yard area, the citizen shall follow the instructions of the operator When bringing waste to the collection yard, the citizen must present his\/her ID card A maximum of 2 vehicles are allowed to enter the <a href=\"https:\/\/www.kosit.sk\/en\/residents\/operation-of-collection-yards\/\" class=\"more-link\">&#8230;<span class=\"screen-reader-text\">  Operation of collection yards<\/span><\/a><\/p>\n","protected":false},"author":8,"featured_media":4750,"parent":5680,"menu_order":70,"comment_status":"closed","ping_status":"closed","template":"","meta":{"_acf_changed":false,"inline_featured_image":false,"footnotes":""},"class_list":["post-5804","page","type-page","status-publish","has-post-thumbnail","hentry"],"acf":[],"yoast_head":"<!-- This site is optimized with the Yoast SEO plugin v24.7 - https:\/\/yoast.com\/wordpress\/plugins\/seo\/ -->\n<title>Operation of collection yards - KOSIT<\/title>\n<meta name=\"robots\" content=\"index, follow, max-snippet:-1, max-image-preview:large, max-video-preview:-1\" \/>\n<link rel=\"canonical\" href=\"https:\/\/www.kosit.sk\/en\/residents\/operation-of-collection-yards\/\" \/>\n<meta property=\"og:locale\" content=\"en_US\" \/>\n<meta property=\"og:type\" content=\"article\" \/>\n<meta property=\"og:title\" content=\"Operation of collection yards - KOSIT\" \/>\n<meta property=\"og:description\" content=\"Basic principles for taking waste to the collection yard: &nbsp; When entering, staying and handing over waste in the collection yard area, the citizen shall follow the instructions of the operator When bringing waste to the collection yard, the citizen must present his\/her ID card A maximum of 2 vehicles are allowed to enter the ... Operation of collection yards\" \/>\n<meta property=\"og:url\" content=\"https:\/\/www.kosit.sk\/en\/residents\/operation-of-collection-yards\/\" \/>\n<meta property=\"og:site_name\" content=\"KOSIT\" \/>\n<meta property=\"article:modified_time\" content=\"2025-07-03T08:19:26+00:00\" \/>\n<meta property=\"og:image\" content=\"https:\/\/www.kosit.sk\/wp-content\/uploads\/2024\/10\/IMG_3662.jpg\" \/>\n\t<meta property=\"og:image:width\" content=\"2500\" \/>\n\t<meta property=\"og:image:height\" content=\"1875\" \/>\n\t<meta property=\"og:image:type\" content=\"image\/jpeg\" \/>\n<meta name=\"twitter:card\" content=\"summary_large_image\" \/>\n<meta name=\"twitter:label1\" content=\"Est. reading time\" \/>\n\t<meta name=\"twitter:data1\" content=\"3 minutes\" \/>\n<script type=\"application\/ld+json\" class=\"yoast-schema-graph\">{\"@context\":\"https:\/\/schema.org\",\"@graph\":[{\"@type\":\"WebPage\",\"@id\":\"https:\/\/www.kosit.sk\/en\/residents\/operation-of-collection-yards\/\",\"url\":\"https:\/\/www.kosit.sk\/en\/residents\/operation-of-collection-yards\/\",\"name\":\"Operation of collection yards - KOSIT\",\"isPartOf\":{\"@id\":\"https:\/\/www.kosit.sk\/en\/#website\"},\"primaryImageOfPage\":{\"@id\":\"https:\/\/www.kosit.sk\/en\/residents\/operation-of-collection-yards\/#primaryimage\"},\"image\":{\"@id\":\"https:\/\/www.kosit.sk\/en\/residents\/operation-of-collection-yards\/#primaryimage\"},\"thumbnailUrl\":\"https:\/\/www.kosit.sk\/wp-content\/uploads\/2024\/10\/IMG_3662.jpg\",\"datePublished\":\"2024-08-28T07:22:31+00:00\",\"dateModified\":\"2025-07-03T08:19:26+00:00\",\"breadcrumb\":{\"@id\":\"https:\/\/www.kosit.sk\/en\/residents\/operation-of-collection-yards\/#breadcrumb\"},\"inLanguage\":\"en-US\",\"potentialAction\":[{\"@type\":\"ReadAction\",\"target\":[\"https:\/\/www.kosit.sk\/en\/residents\/operation-of-collection-yards\/\"]}]},{\"@type\":\"ImageObject\",\"inLanguage\":\"en-US\",\"@id\":\"https:\/\/www.kosit.sk\/en\/residents\/operation-of-collection-yards\/#primaryimage\",\"url\":\"https:\/\/www.kosit.sk\/wp-content\/uploads\/2024\/10\/IMG_3662.jpg\",\"contentUrl\":\"https:\/\/www.kosit.sk\/wp-content\/uploads\/2024\/10\/IMG_3662.jpg\",\"width\":2500,\"height\":1875},{\"@type\":\"BreadcrumbList\",\"@id\":\"https:\/\/www.kosit.sk\/en\/residents\/operation-of-collection-yards\/#breadcrumb\",\"itemListElement\":[{\"@type\":\"ListItem\",\"position\":1,\"name\":\"Domovsk\u00e1 str\u00e1nka\",\"item\":\"https:\/\/www.kosit.sk\/en\/\"},{\"@type\":\"ListItem\",\"position\":2,\"name\":\"Residents\",\"item\":\"https:\/\/www.kosit.sk\/en\/residents\/\"},{\"@type\":\"ListItem\",\"position\":3,\"name\":\"Operation of collection yards\"}]},{\"@type\":\"WebSite\",\"@id\":\"https:\/\/www.kosit.sk\/en\/#website\",\"url\":\"https:\/\/www.kosit.sk\/en\/\",\"name\":\"Kosit\",\"description\":\"\",\"potentialAction\":[{\"@type\":\"SearchAction\",\"target\":{\"@type\":\"EntryPoint\",\"urlTemplate\":\"https:\/\/www.kosit.sk\/en\/?s={search_term_string}\"},\"query-input\":{\"@type\":\"PropertyValueSpecification\",\"valueRequired\":true,\"valueName\":\"search_term_string\"}}],\"inLanguage\":\"en-US\"}]}<\/script>\n<!-- \/ Yoast SEO plugin. -->","yoast_head_json":{"title":"Operation of collection yards - KOSIT","robots":{"index":"index","follow":"follow","max-snippet":"max-snippet:-1","max-image-preview":"max-image-preview:large","max-video-preview":"max-video-preview:-1"},"canonical":"https:\/\/www.kosit.sk\/en\/residents\/operation-of-collection-yards\/","og_locale":"en_US","og_type":"article","og_title":"Operation of collection yards - KOSIT","og_description":"Basic principles for taking waste to the collection yard: &nbsp; When entering, staying and handing over waste in the collection yard area, the citizen shall follow the instructions of the operator When bringing waste to the collection yard, the citizen must present his\/her ID card A maximum of 2 vehicles are allowed to enter the ... Operation of collection yards","og_url":"https:\/\/www.kosit.sk\/en\/residents\/operation-of-collection-yards\/","og_site_name":"KOSIT","article_modified_time":"2025-07-03T08:19:26+00:00","og_image":[{"width":2500,"height":1875,"url":"https:\/\/www.kosit.sk\/wp-content\/uploads\/2024\/10\/IMG_3662.jpg","type":"image\/jpeg"}],"twitter_card":"summary_large_image","twitter_misc":{"Est. reading time":"3 minutes"},"schema":{"@context":"https:\/\/schema.org","@graph":[{"@type":"WebPage","@id":"https:\/\/www.kosit.sk\/en\/residents\/operation-of-collection-yards\/","url":"https:\/\/www.kosit.sk\/en\/residents\/operation-of-collection-yards\/","name":"Operation of collection yards - KOSIT","isPartOf":{"@id":"https:\/\/www.kosit.sk\/en\/#website"},"primaryImageOfPage":{"@id":"https:\/\/www.kosit.sk\/en\/residents\/operation-of-collection-yards\/#primaryimage"},"image":{"@id":"https:\/\/www.kosit.sk\/en\/residents\/operation-of-collection-yards\/#primaryimage"},"thumbnailUrl":"https:\/\/www.kosit.sk\/wp-content\/uploads\/2024\/10\/IMG_3662.jpg","datePublished":"2024-08-28T07:22:31+00:00","dateModified":"2025-07-03T08:19:26+00:00","breadcrumb":{"@id":"https:\/\/www.kosit.sk\/en\/residents\/operation-of-collection-yards\/#breadcrumb"},"inLanguage":"en-US","potentialAction":[{"@type":"ReadAction","target":["https:\/\/www.kosit.sk\/en\/residents\/operation-of-collection-yards\/"]}]},{"@type":"ImageObject","inLanguage":"en-US","@id":"https:\/\/www.kosit.sk\/en\/residents\/operation-of-collection-yards\/#primaryimage","url":"https:\/\/www.kosit.sk\/wp-content\/uploads\/2024\/10\/IMG_3662.jpg","contentUrl":"https:\/\/www.kosit.sk\/wp-content\/uploads\/2024\/10\/IMG_3662.jpg","width":2500,"height":1875},{"@type":"BreadcrumbList","@id":"https:\/\/www.kosit.sk\/en\/residents\/operation-of-collection-yards\/#breadcrumb","itemListElement":[{"@type":"ListItem","position":1,"name":"Domovsk\u00e1 str\u00e1nka","item":"https:\/\/www.kosit.sk\/en\/"},{"@type":"ListItem","position":2,"name":"Residents","item":"https:\/\/www.kosit.sk\/en\/residents\/"},{"@type":"ListItem","position":3,"name":"Operation of collection yards"}]},{"@type":"WebSite","@id":"https:\/\/www.kosit.sk\/en\/#website","url":"https:\/\/www.kosit.sk\/en\/","name":"Kosit","description":"","potentialAction":[{"@type":"SearchAction","target":{"@type":"EntryPoint","urlTemplate":"https:\/\/www.kosit.sk\/en\/?s={search_term_string}"},"query-input":{"@type":"PropertyValueSpecification","valueRequired":true,"valueName":"search_term_string"}}],"inLanguage":"en-US"}]}},"_links":{"self":[{"href":"https:\/\/www.kosit.sk\/en\/wp-json\/wp\/v2\/pages\/5804","targetHints":{"allow":["GET"]}}],"collection":[{"href":"https:\/\/www.kosit.sk\/en\/wp-json\/wp\/v2\/pages"}],"about":[{"href":"https:\/\/www.kosit.sk\/en\/wp-json\/wp\/v2\/types\/page"}],"author":[{"embeddable":true,"href":"https:\/\/www.kosit.sk\/en\/wp-json\/wp\/v2\/users\/8"}],"replies":[{"embeddable":true,"href":"https:\/\/www.kosit.sk\/en\/wp-json\/wp\/v2\/comments?post=5804"}],"version-history":[{"count":3,"href":"https:\/\/www.kosit.sk\/en\/wp-json\/wp\/v2\/pages\/5804\/revisions"}],"predecessor-version":[{"id":5809,"href":"https:\/\/www.kosit.sk\/en\/wp-json\/wp\/v2\/pages\/5804\/revisions\/5809"}],"up":[{"embeddable":true,"href":"https:\/\/www.kosit.sk\/en\/wp-json\/wp\/v2\/pages\/5680"}],"wp:featuredmedia":[{"embeddable":true,"href":"https:\/\/www.kosit.sk\/en\/wp-json\/wp\/v2\/media\/4750"}],"wp:attachment":[{"href":"https:\/\/www.kosit.sk\/en\/wp-json\/wp\/v2\/media?parent=5804"}],"curies":[{"name":"wp","href":"https:\/\/api.w.org\/{rel}","templated":true}]}}