{"id":8253,"date":"2026-02-26T22:04:12","date_gmt":"2026-02-26T21:04:12","guid":{"rendered":"https:\/\/www.kosit.sk\/?page_id=8253"},"modified":"2026-02-26T22:04:12","modified_gmt":"2026-02-26T21:04:12","slug":"bulk-waste-collection-fair-weighing-4","status":"publish","type":"page","link":"https:\/\/www.kosit.sk\/en\/local-governments\/bulk-waste-collection-fair-weighing-4\/","title":{"rendered":"Bulk waste collection &#8211; fair weighing"},"content":{"rendered":"<div id=\"pl-8253\"  class=\"panel-layout\" ><div id=\"pg-8253-0\"  class=\"panel-grid panel-no-style\" ><div id=\"pgc-8253-0-0\"  class=\"panel-grid-cell\" ><div id=\"panel-8253-0-0-0\" class=\"so-panel widget widget_sow-editor panel-first-child panel-last-child\" data-index=\"0\" ><div\n\t\t\t\n\t\t\tclass=\"so-widget-sow-editor so-widget-sow-editor-base\"\n\t\t\t\n\t\t>\n<div class=\"siteorigin-widget-tinymce textwidget\">\n\t<h2><strong>Pre\u010do si zvoli\u0165 <\/strong><\/h2>\n<h2><strong>nov\u00e9 zbern\u00e9 n\u00e1doby?<\/strong><\/h2>\n<p>&nbsp;<\/p>\n<\/div>\n<\/div><\/div><\/div><div id=\"pgc-8253-0-1\"  class=\"panel-grid-cell\" ><div id=\"panel-8253-0-1-0\" class=\"so-panel widget widget_sow-editor panel-first-child panel-last-child\" data-index=\"1\" ><div\n\t\t\t\n\t\t\tclass=\"so-widget-sow-editor so-widget-sow-editor-base\"\n\t\t\t\n\t\t>\n<div class=\"siteorigin-widget-tinymce textwidget\">\n\t<ul>\n<li>Estetickej\u0161ie a upravenej\u0161ie verejn\u00e9 priestory<\/li>\n<li>Podpora udr\u017eate\u013enosti a ochrany \u017eivotn\u00e9ho prostredia<\/li>\n<li>Vy\u0161\u0161\u00ed komfort pre obyvate\u013eov obce<\/li>\n<li>Preuk\u00e1zate\u013en\u00e9 zv\u00fd\u0161enie miery triedenia odpadu<\/li>\n<\/ul>\n<p>&nbsp;<\/p>\n<\/div>\n<\/div><\/div><\/div><\/div><div id=\"pg-8253-1\"  class=\"panel-grid panel-has-style\" ><div class=\"siteorigin-panels-stretch panel-row-style panel-row-style-for-8253-1\" data-stretch-type=\"full\" ><div id=\"pgc-8253-1-0\"  class=\"panel-grid-cell\" ><div id=\"panel-8253-1-0-0\" class=\"so-panel widget widget_sow-image panel-first-child panel-last-child\" data-index=\"2\" ><div\n\t\t\t\n\t\t\tclass=\"so-widget-sow-image so-widget-sow-image-default-8b5b6f678277-8253\"\n\t\t\t\n\t\t>\n<div class=\"sow-image-container\">\n\t\t<img \n\tsrc=\"https:\/\/www.kosit.sk\/wp-content\/uploads\/2025\/07\/KOSIT_6E8A1669_v001.jpg\" width=\"2500\" height=\"1667\" srcset=\"https:\/\/www.kosit.sk\/wp-content\/uploads\/2025\/07\/KOSIT_6E8A1669_v001.jpg 2500w, https:\/\/www.kosit.sk\/wp-content\/uploads\/2025\/07\/KOSIT_6E8A1669_v001-300x200.jpg 300w, https:\/\/www.kosit.sk\/wp-content\/uploads\/2025\/07\/KOSIT_6E8A1669_v001-1024x683.jpg 1024w, https:\/\/www.kosit.sk\/wp-content\/uploads\/2025\/07\/KOSIT_6E8A1669_v001-272x182.jpg 272w\" sizes=\"(max-width: 2500px) 100vw, 2500px\" alt=\"\" \t\tclass=\"so-widget-image\"\/>\n\t<\/div>\n\n<\/div><\/div><\/div><div id=\"pgc-8253-1-1\"  class=\"panel-grid-cell\" ><div id=\"panel-8253-1-1-0\" class=\"so-panel widget widget_sow-editor panel-first-child panel-last-child\" data-index=\"3\" ><div\n\t\t\t\n\t\t\tclass=\"so-widget-sow-editor so-widget-sow-editor-base\"\n\t\t\t\n\t\t>\n<div class=\"siteorigin-widget-tinymce textwidget\">\n\t<h3><strong>\u010co pon\u00fakame?<\/strong><\/h3>\n<ul>\n<li><strong>Dodanie<\/strong> nov\u00fdch zbern\u00fdch n\u00e1dob priamo do Va\u0161ej obce<\/li>\n<li>Mo\u017enos\u0165 rozlo\u017eenia platby <strong>na spl\u00e1tky<\/strong> pod\u013ea Va\u0161ich potrieb<\/li>\n<\/ul>\n<p>N\u00e1doby s objemom 120 litrov s\u00fa vyroben\u00e9 z UV stabilizovan\u00e9ho HDPE materi\u00e1lu. Sp\u013a\u0148aj\u00fa po\u017eiadavky na jednoduch\u00e9 plnenie, vypr\u00e1zd\u0148ovanie a manipul\u00e1ciu s kontajnerom.<\/p>\n<p>Z\u00e1rove\u0148 sp\u013a\u0148aj\u00fa v\u0161etky eur\u00f3pske aj n\u00e1rodn\u00e9 normy a smernice a s\u00fa certifikovan\u00e9 v s\u00falade s najvy\u0161\u0161\u00edm <strong>\u0161tandardom kvality RAL GZ 951\/1.<\/strong><\/p>\n<p>Hmotnos\u0165: 9 kg<\/p>\n<\/div>\n<\/div><\/div><\/div><\/div><\/div><div id=\"pg-8253-2\"  class=\"panel-grid panel-no-style\" ><div id=\"pgc-8253-2-0\"  class=\"panel-grid-cell\" ><div id=\"panel-8253-2-0-0\" class=\"so-panel widget widget_sow-editor panel-first-child panel-last-child\" data-index=\"4\" ><div\n\t\t\t\n\t\t\tclass=\"so-widget-sow-editor so-widget-sow-editor-base\"\n\t\t\t\n\t\t>\n<div class=\"siteorigin-widget-tinymce textwidget\">\n\t<hr \/>\n<\/div>\n<\/div><\/div><\/div><\/div><div id=\"pg-8253-3\"  class=\"panel-grid panel-no-style\" ><div id=\"pgc-8253-3-0\"  class=\"panel-grid-cell\" ><div id=\"panel-8253-3-0-0\" class=\"so-panel widget widget_sow-editor panel-first-child panel-last-child\" data-index=\"5\" ><div\n\t\t\t\n\t\t\tclass=\"so-widget-sow-editor so-widget-sow-editor-base\"\n\t\t\t\n\t\t>\n<div class=\"siteorigin-widget-tinymce textwidget\">\n\t<h3>Sk\u00fasenosti z obc\u00ed v na\u0161ej spr\u00e1ve ukazuj\u00fa, \u017ee prechod z vrecov\u00e9ho zberu na zber do kuka n\u00e1dob zv\u00fd\u0161il objem vytrieden\u00e9ho odpadu o desiatky percent.<\/h3>\n<p><a class=\"main-btn\" href=\"https:\/\/docs.google.com\/forms\/d\/1nrYAktZKbLXRTMTGr9Pu3TbbxB4cIdP69cS5KTCBt-0\/edit\">Nez\u00e1v\u00e4zn\u00fd formul\u00e1r<\/a><\/p>\n<\/div>\n<\/div><\/div><\/div><\/div><\/div>","protected":false},"excerpt":{"rendered":"<p>Pre\u010do si zvoli\u0165 nov\u00e9 zbern\u00e9 n\u00e1doby? &nbsp; Estetickej\u0161ie a upravenej\u0161ie verejn\u00e9 priestory Podpora udr\u017eate\u013enosti a ochrany \u017eivotn\u00e9ho prostredia Vy\u0161\u0161\u00ed komfort pre obyvate\u013eov obce Preuk\u00e1zate\u013en\u00e9 zv\u00fd\u0161enie miery triedenia odpadu &nbsp; \u010co pon\u00fakame? Dodanie nov\u00fdch zbern\u00fdch n\u00e1dob priamo do Va\u0161ej obce Mo\u017enos\u0165 rozlo\u017eenia platby na spl\u00e1tky pod\u013ea Va\u0161ich potrieb N\u00e1doby s objemom 120 litrov s\u00fa vyroben\u00e9 z <a href=\"https:\/\/www.kosit.sk\/en\/local-governments\/bulk-waste-collection-fair-weighing-4\/\" class=\"more-link\">&#8230;<span class=\"screen-reader-text\">  Bulk waste collection &#8211; fair weighing<\/span><\/a><\/p>\n","protected":false},"author":7,"featured_media":8243,"parent":5682,"menu_order":10,"comment_status":"closed","ping_status":"closed","template":"","meta":{"_acf_changed":false,"inline_featured_image":false,"footnotes":""},"class_list":["post-8253","page","type-page","status-publish","has-post-thumbnail","hentry"],"acf":[],"yoast_head":"<!-- This site is optimized with the Yoast SEO plugin v24.7 - https:\/\/yoast.com\/wordpress\/plugins\/seo\/ -->\n<title>Bulk waste collection - fair weighing - KOSIT<\/title>\n<meta name=\"robots\" content=\"index, follow, max-snippet:-1, max-image-preview:large, max-video-preview:-1\" \/>\n<link rel=\"canonical\" href=\"https:\/\/www.kosit.sk\/en\/local-governments\/bulk-waste-collection-fair-weighing-4\/\" \/>\n<meta property=\"og:locale\" content=\"en_US\" \/>\n<meta property=\"og:type\" content=\"article\" \/>\n<meta property=\"og:title\" content=\"Bulk waste collection - fair weighing - KOSIT\" \/>\n<meta property=\"og:description\" content=\"Pre\u010do si zvoli\u0165 nov\u00e9 zbern\u00e9 n\u00e1doby? &nbsp; Estetickej\u0161ie a upravenej\u0161ie verejn\u00e9 priestory Podpora udr\u017eate\u013enosti a ochrany \u017eivotn\u00e9ho prostredia Vy\u0161\u0161\u00ed komfort pre obyvate\u013eov obce Preuk\u00e1zate\u013en\u00e9 zv\u00fd\u0161enie miery triedenia odpadu &nbsp; \u010co pon\u00fakame? Dodanie nov\u00fdch zbern\u00fdch n\u00e1dob priamo do Va\u0161ej obce Mo\u017enos\u0165 rozlo\u017eenia platby na spl\u00e1tky pod\u013ea Va\u0161ich potrieb N\u00e1doby s objemom 120 litrov s\u00fa vyroben\u00e9 z ... Bulk waste collection &#8211; fair weighing\" \/>\n<meta property=\"og:url\" content=\"https:\/\/www.kosit.sk\/en\/local-governments\/bulk-waste-collection-fair-weighing-4\/\" \/>\n<meta property=\"og:site_name\" content=\"KOSIT\" \/>\n<meta property=\"og:image\" content=\"https:\/\/www.kosit.sk\/wp-content\/uploads\/2026\/02\/zberne-kuka-nadoby-1.jpg\" \/>\n\t<meta property=\"og:image:width\" content=\"1536\" \/>\n\t<meta property=\"og:image:height\" content=\"922\" \/>\n\t<meta property=\"og:image:type\" content=\"image\/jpeg\" \/>\n<meta name=\"twitter:card\" content=\"summary_large_image\" \/>\n<meta name=\"twitter:label1\" content=\"Est. reading time\" \/>\n\t<meta name=\"twitter:data1\" content=\"2 minutes\" \/>\n<script type=\"application\/ld+json\" class=\"yoast-schema-graph\">{\"@context\":\"https:\/\/schema.org\",\"@graph\":[{\"@type\":\"WebPage\",\"@id\":\"https:\/\/www.kosit.sk\/en\/local-governments\/bulk-waste-collection-fair-weighing-4\/\",\"url\":\"https:\/\/www.kosit.sk\/en\/local-governments\/bulk-waste-collection-fair-weighing-4\/\",\"name\":\"Bulk waste collection - fair weighing - KOSIT\",\"isPartOf\":{\"@id\":\"https:\/\/www.kosit.sk\/en\/#website\"},\"primaryImageOfPage\":{\"@id\":\"https:\/\/www.kosit.sk\/en\/local-governments\/bulk-waste-collection-fair-weighing-4\/#primaryimage\"},\"image\":{\"@id\":\"https:\/\/www.kosit.sk\/en\/local-governments\/bulk-waste-collection-fair-weighing-4\/#primaryimage\"},\"thumbnailUrl\":\"https:\/\/www.kosit.sk\/wp-content\/uploads\/2026\/02\/zberne-kuka-nadoby-1.jpg\",\"datePublished\":\"2026-02-26T21:04:12+00:00\",\"breadcrumb\":{\"@id\":\"https:\/\/www.kosit.sk\/en\/local-governments\/bulk-waste-collection-fair-weighing-4\/#breadcrumb\"},\"inLanguage\":\"en-US\",\"potentialAction\":[{\"@type\":\"ReadAction\",\"target\":[\"https:\/\/www.kosit.sk\/en\/local-governments\/bulk-waste-collection-fair-weighing-4\/\"]}]},{\"@type\":\"ImageObject\",\"inLanguage\":\"en-US\",\"@id\":\"https:\/\/www.kosit.sk\/en\/local-governments\/bulk-waste-collection-fair-weighing-4\/#primaryimage\",\"url\":\"https:\/\/www.kosit.sk\/wp-content\/uploads\/2026\/02\/zberne-kuka-nadoby-1.jpg\",\"contentUrl\":\"https:\/\/www.kosit.sk\/wp-content\/uploads\/2026\/02\/zberne-kuka-nadoby-1.jpg\",\"width\":1536,\"height\":922},{\"@type\":\"BreadcrumbList\",\"@id\":\"https:\/\/www.kosit.sk\/en\/local-governments\/bulk-waste-collection-fair-weighing-4\/#breadcrumb\",\"itemListElement\":[{\"@type\":\"ListItem\",\"position\":1,\"name\":\"Domovsk\u00e1 str\u00e1nka\",\"item\":\"https:\/\/www.kosit.sk\/en\/\"},{\"@type\":\"ListItem\",\"position\":2,\"name\":\"Local governments\",\"item\":\"https:\/\/www.kosit.sk\/en\/local-governments\/\"},{\"@type\":\"ListItem\",\"position\":3,\"name\":\"Bulk waste collection &#8211; fair weighing\"}]},{\"@type\":\"WebSite\",\"@id\":\"https:\/\/www.kosit.sk\/en\/#website\",\"url\":\"https:\/\/www.kosit.sk\/en\/\",\"name\":\"Kosit\",\"description\":\"\",\"potentialAction\":[{\"@type\":\"SearchAction\",\"target\":{\"@type\":\"EntryPoint\",\"urlTemplate\":\"https:\/\/www.kosit.sk\/en\/?s={search_term_string}\"},\"query-input\":{\"@type\":\"PropertyValueSpecification\",\"valueRequired\":true,\"valueName\":\"search_term_string\"}}],\"inLanguage\":\"en-US\"}]}<\/script>\n<!-- \/ Yoast SEO plugin. -->","yoast_head_json":{"title":"Bulk waste collection - fair weighing - KOSIT","robots":{"index":"index","follow":"follow","max-snippet":"max-snippet:-1","max-image-preview":"max-image-preview:large","max-video-preview":"max-video-preview:-1"},"canonical":"https:\/\/www.kosit.sk\/en\/local-governments\/bulk-waste-collection-fair-weighing-4\/","og_locale":"en_US","og_type":"article","og_title":"Bulk waste collection - fair weighing - KOSIT","og_description":"Pre\u010do si zvoli\u0165 nov\u00e9 zbern\u00e9 n\u00e1doby? &nbsp; Estetickej\u0161ie a upravenej\u0161ie verejn\u00e9 priestory Podpora udr\u017eate\u013enosti a ochrany \u017eivotn\u00e9ho prostredia Vy\u0161\u0161\u00ed komfort pre obyvate\u013eov obce Preuk\u00e1zate\u013en\u00e9 zv\u00fd\u0161enie miery triedenia odpadu &nbsp; \u010co pon\u00fakame? Dodanie nov\u00fdch zbern\u00fdch n\u00e1dob priamo do Va\u0161ej obce Mo\u017enos\u0165 rozlo\u017eenia platby na spl\u00e1tky pod\u013ea Va\u0161ich potrieb N\u00e1doby s objemom 120 litrov s\u00fa vyroben\u00e9 z ... Bulk waste collection &#8211; fair weighing","og_url":"https:\/\/www.kosit.sk\/en\/local-governments\/bulk-waste-collection-fair-weighing-4\/","og_site_name":"KOSIT","og_image":[{"width":1536,"height":922,"url":"https:\/\/www.kosit.sk\/wp-content\/uploads\/2026\/02\/zberne-kuka-nadoby-1.jpg","type":"image\/jpeg"}],"twitter_card":"summary_large_image","twitter_misc":{"Est. reading time":"2 minutes"},"schema":{"@context":"https:\/\/schema.org","@graph":[{"@type":"WebPage","@id":"https:\/\/www.kosit.sk\/en\/local-governments\/bulk-waste-collection-fair-weighing-4\/","url":"https:\/\/www.kosit.sk\/en\/local-governments\/bulk-waste-collection-fair-weighing-4\/","name":"Bulk waste collection - fair weighing - KOSIT","isPartOf":{"@id":"https:\/\/www.kosit.sk\/en\/#website"},"primaryImageOfPage":{"@id":"https:\/\/www.kosit.sk\/en\/local-governments\/bulk-waste-collection-fair-weighing-4\/#primaryimage"},"image":{"@id":"https:\/\/www.kosit.sk\/en\/local-governments\/bulk-waste-collection-fair-weighing-4\/#primaryimage"},"thumbnailUrl":"https:\/\/www.kosit.sk\/wp-content\/uploads\/2026\/02\/zberne-kuka-nadoby-1.jpg","datePublished":"2026-02-26T21:04:12+00:00","breadcrumb":{"@id":"https:\/\/www.kosit.sk\/en\/local-governments\/bulk-waste-collection-fair-weighing-4\/#breadcrumb"},"inLanguage":"en-US","potentialAction":[{"@type":"ReadAction","target":["https:\/\/www.kosit.sk\/en\/local-governments\/bulk-waste-collection-fair-weighing-4\/"]}]},{"@type":"ImageObject","inLanguage":"en-US","@id":"https:\/\/www.kosit.sk\/en\/local-governments\/bulk-waste-collection-fair-weighing-4\/#primaryimage","url":"https:\/\/www.kosit.sk\/wp-content\/uploads\/2026\/02\/zberne-kuka-nadoby-1.jpg","contentUrl":"https:\/\/www.kosit.sk\/wp-content\/uploads\/2026\/02\/zberne-kuka-nadoby-1.jpg","width":1536,"height":922},{"@type":"BreadcrumbList","@id":"https:\/\/www.kosit.sk\/en\/local-governments\/bulk-waste-collection-fair-weighing-4\/#breadcrumb","itemListElement":[{"@type":"ListItem","position":1,"name":"Domovsk\u00e1 str\u00e1nka","item":"https:\/\/www.kosit.sk\/en\/"},{"@type":"ListItem","position":2,"name":"Local governments","item":"https:\/\/www.kosit.sk\/en\/local-governments\/"},{"@type":"ListItem","position":3,"name":"Bulk waste collection &#8211; fair weighing"}]},{"@type":"WebSite","@id":"https:\/\/www.kosit.sk\/en\/#website","url":"https:\/\/www.kosit.sk\/en\/","name":"Kosit","description":"","potentialAction":[{"@type":"SearchAction","target":{"@type":"EntryPoint","urlTemplate":"https:\/\/www.kosit.sk\/en\/?s={search_term_string}"},"query-input":{"@type":"PropertyValueSpecification","valueRequired":true,"valueName":"search_term_string"}}],"inLanguage":"en-US"}]}},"_links":{"self":[{"href":"https:\/\/www.kosit.sk\/en\/wp-json\/wp\/v2\/pages\/8253","targetHints":{"allow":["GET"]}}],"collection":[{"href":"https:\/\/www.kosit.sk\/en\/wp-json\/wp\/v2\/pages"}],"about":[{"href":"https:\/\/www.kosit.sk\/en\/wp-json\/wp\/v2\/types\/page"}],"author":[{"embeddable":true,"href":"https:\/\/www.kosit.sk\/en\/wp-json\/wp\/v2\/users\/7"}],"replies":[{"embeddable":true,"href":"https:\/\/www.kosit.sk\/en\/wp-json\/wp\/v2\/comments?post=8253"}],"version-history":[{"count":2,"href":"https:\/\/www.kosit.sk\/en\/wp-json\/wp\/v2\/pages\/8253\/revisions"}],"predecessor-version":[{"id":8259,"href":"https:\/\/www.kosit.sk\/en\/wp-json\/wp\/v2\/pages\/8253\/revisions\/8259"}],"up":[{"embeddable":true,"href":"https:\/\/www.kosit.sk\/en\/wp-json\/wp\/v2\/pages\/5682"}],"wp:featuredmedia":[{"embeddable":true,"href":"https:\/\/www.kosit.sk\/en\/wp-json\/wp\/v2\/media\/8243"}],"wp:attachment":[{"href":"https:\/\/www.kosit.sk\/en\/wp-json\/wp\/v2\/media?parent=8253"}],"curies":[{"name":"wp","href":"https:\/\/api.w.org\/{rel}","templated":true}]}}