{"id":8268,"date":"2026-02-26T22:53:43","date_gmt":"2026-02-26T21:53:43","guid":{"rendered":"https:\/\/www.kosit.sk\/?page_id=8268"},"modified":"2026-02-26T22:53:43","modified_gmt":"2026-02-26T21:53:43","slug":"bulk-waste-collection-fair-weighing-5","status":"publish","type":"page","link":"https:\/\/www.kosit.sk\/en\/local-governments\/bulk-waste-collection-fair-weighing-5\/","title":{"rendered":"Bulk waste collection &#8211; fair weighing"},"content":{"rendered":"<div id=\"pl-8268\"  class=\"panel-layout\" ><div id=\"pg-8268-0\"  class=\"panel-grid panel-no-style\" ><div id=\"pgc-8268-0-0\"  class=\"panel-grid-cell\" ><div id=\"panel-8268-0-0-0\" class=\"so-panel widget widget_sow-image panel-first-child panel-last-child\" data-index=\"0\" ><div\n\t\t\t\n\t\t\tclass=\"so-widget-sow-image so-widget-sow-image-default-8b5b6f678277-8268\"\n\t\t\t\n\t\t>\n<div class=\"sow-image-container\">\n\t\t<img \n\tsrc=\"https:\/\/www.kosit.sk\/wp-content\/uploads\/2026\/02\/triedenie.jpg\" width=\"2480\" height=\"1653\" srcset=\"https:\/\/www.kosit.sk\/wp-content\/uploads\/2026\/02\/triedenie.jpg 2480w, https:\/\/www.kosit.sk\/wp-content\/uploads\/2026\/02\/triedenie-300x200.jpg 300w, https:\/\/www.kosit.sk\/wp-content\/uploads\/2026\/02\/triedenie-1024x683.jpg 1024w, https:\/\/www.kosit.sk\/wp-content\/uploads\/2026\/02\/triedenie-272x182.jpg 272w\" sizes=\"(max-width: 2480px) 100vw, 2480px\" alt=\"\" \t\tclass=\"so-widget-image\"\/>\n\t<\/div>\n\n<\/div><\/div><\/div><div id=\"pgc-8268-0-1\"  class=\"panel-grid-cell\" ><div id=\"panel-8268-0-1-0\" class=\"so-panel widget widget_sow-editor panel-first-child panel-last-child\" data-index=\"1\" ><div\n\t\t\t\n\t\t\tclass=\"so-widget-sow-editor so-widget-sow-editor-base\"\n\t\t\t\n\t\t>\n<div class=\"siteorigin-widget-tinymce textwidget\">\n\t<h3>Ako zber prebieha?<\/h3>\n<ol>\n<li>Obyvatelia doma vytriedia textiln\u00fd odpad do vriec s maxim\u00e1lnym objemom 120 litrov. Vrecia pevne zavia\u017eu a odovzdaj\u00fa ich na obecnom \u00farade alebo na mieste ur\u010denom starostom \/ starostkou.<\/li>\n<li>Najnesk\u00f4r 2 dni pred napl\u00e1novan\u00fdm odvozom starosta alebo poveren\u00fd pracovn\u00edk obce hl\u00e1si n\u00e1\u0161mu obchodn\u00e9mu z\u00e1stupcovi po\u010det vyzbieran\u00fdch vriec, aby na\u0161a spolo\u010dnos\u0165 prisp\u00f4sobila ve\u013ekos\u0165 vozidla.<\/li>\n<li>V ur\u010den\u00fd de\u0148 zberu vozidlo spolo\u010dnosti KOSIT textiln\u00fd odpad odvezie na \u010fal\u0161ie spracovanie.<\/li>\n<\/ol>\n<p>&nbsp;<\/p>\n<\/div>\n<\/div><\/div><\/div><div id=\"pgc-8268-0-2\"  class=\"panel-grid-cell\" ><div id=\"panel-8268-0-2-0\" class=\"so-panel widget widget_sow-image panel-first-child panel-last-child\" data-index=\"2\" ><div\n\t\t\t\n\t\t\tclass=\"so-widget-sow-image so-widget-sow-image-default-8b5b6f678277-8268\"\n\t\t\t\n\t\t>\n<div class=\"sow-image-container\">\n\t\t<img \n\tsrc=\"https:\/\/www.kosit.sk\/wp-content\/uploads\/2026\/02\/odvoz.jpg\" width=\"2480\" height=\"1653\" srcset=\"https:\/\/www.kosit.sk\/wp-content\/uploads\/2026\/02\/odvoz.jpg 2480w, https:\/\/www.kosit.sk\/wp-content\/uploads\/2026\/02\/odvoz-300x200.jpg 300w, https:\/\/www.kosit.sk\/wp-content\/uploads\/2026\/02\/odvoz-1024x683.jpg 1024w, https:\/\/www.kosit.sk\/wp-content\/uploads\/2026\/02\/odvoz-272x182.jpg 272w\" sizes=\"(max-width: 2480px) 100vw, 2480px\" alt=\"\" \t\tclass=\"so-widget-image\"\/>\n\t<\/div>\n\n<\/div><\/div><\/div><\/div><div id=\"pg-8268-1\"  class=\"panel-grid panel-has-style\" ><div class=\"siteorigin-panels-stretch panel-row-style panel-row-style-for-8268-1\" data-stretch-type=\"full\" ><div id=\"pgc-8268-1-0\"  class=\"panel-grid-cell\" ><div id=\"panel-8268-1-0-0\" class=\"so-panel widget widget_sow-editor panel-first-child panel-last-child\" data-index=\"3\" ><div\n\t\t\t\n\t\t\tclass=\"so-widget-sow-editor so-widget-sow-editor-base\"\n\t\t\t\n\t\t>\n<div class=\"siteorigin-widget-tinymce textwidget\">\n\t<h3>Mno\u017estvo vytrieden\u00e9ho odpadov\u00e9ho \u0161atstva a\u00a0textilu sa zapo\u010d\u00edtava do v\u00fdpo\u010dtu miery triedenia odpadov vo Va\u0161ej obci.<\/h3>\n<\/div>\n<\/div><\/div><\/div><\/div><\/div><div id=\"pg-8268-2\"  class=\"panel-grid panel-no-style\" ><div id=\"pgc-8268-2-0\"  class=\"panel-grid-cell\" ><div id=\"panel-8268-2-0-0\" class=\"so-panel widget widget_sow-editor panel-first-child panel-last-child\" data-index=\"4\" ><div class=\"contact-info panel-widget-style panel-widget-style-for-8268-2-0-0\" ><div\n\t\t\t\n\t\t\tclass=\"so-widget-sow-editor so-widget-sow-editor-base\"\n\t\t\t\n\t\t>\n<div class=\"siteorigin-widget-tinymce textwidget\">\n\t<p>M\u00e1te z\u00e1ujem o viac inform\u00e1ci\u00ed? Vypl\u0148te kr\u00e1tky formul\u00e1r a \u010do najsk\u00f4r V\u00e1s bude kontaktova\u0165 poveren\u00fd obchodn\u00fd z\u00e1stupca.<\/p>\n<h3 class=\"so-title so-title-editable\" tabindex=\"0\" contenteditable=\"true\" spellcheck=\"false\"><span style=\"color: #000000;\"><a class=\"main-btn\" style=\"color: #000000;\" href=\"https:\/\/docs.google.com\/forms\/d\/1In-hYpKYRDOhIJYR8yJ8E6Yxtw57XSfF36BhUmlpNto\/edit\">Nez\u00e1v\u00e4zn\u00fd formul\u00e1r<\/a><\/span><\/h3>\n<\/div>\n<\/div><\/div><\/div><\/div><div id=\"pgc-8268-2-1\"  class=\"panel-grid-cell\" ><div id=\"panel-8268-2-1-0\" class=\"so-panel widget widget_sow-editor panel-first-child panel-last-child\" data-index=\"5\" ><div\n\t\t\t\n\t\t\tclass=\"so-widget-sow-editor so-widget-sow-editor-base\"\n\t\t\t\n\t\t>\n<div class=\"siteorigin-widget-tinymce textwidget\">\n\t<p>Bezplatn\u00e1 linka<\/p>\n<h3><a href=\"tel: 0800 159 748\">0800 159 748<\/a><\/h3>\n<\/div>\n<\/div><\/div><\/div><\/div><\/div>","protected":false},"excerpt":{"rendered":"<p>Ako zber prebieha? Obyvatelia doma vytriedia textiln\u00fd odpad do vriec s maxim\u00e1lnym objemom 120 litrov. Vrecia pevne zavia\u017eu a odovzdaj\u00fa ich na obecnom \u00farade alebo na mieste ur\u010denom starostom \/ starostkou. Najnesk\u00f4r 2 dni pred napl\u00e1novan\u00fdm odvozom starosta alebo poveren\u00fd pracovn\u00edk obce hl\u00e1si n\u00e1\u0161mu obchodn\u00e9mu z\u00e1stupcovi po\u010det vyzbieran\u00fdch vriec, aby na\u0161a spolo\u010dnos\u0165 prisp\u00f4sobila ve\u013ekos\u0165 vozidla. <a href=\"https:\/\/www.kosit.sk\/en\/local-governments\/bulk-waste-collection-fair-weighing-5\/\" class=\"more-link\">&#8230;<span class=\"screen-reader-text\">  Bulk waste collection &#8211; fair weighing<\/span><\/a><\/p>\n","protected":false},"author":7,"featured_media":8241,"parent":5682,"menu_order":10,"comment_status":"closed","ping_status":"closed","template":"","meta":{"_acf_changed":false,"inline_featured_image":false,"footnotes":""},"class_list":["post-8268","page","type-page","status-publish","has-post-thumbnail","hentry"],"acf":[],"yoast_head":"<!-- This site is optimized with the Yoast SEO plugin v24.7 - https:\/\/yoast.com\/wordpress\/plugins\/seo\/ -->\n<title>Bulk waste collection - fair weighing - KOSIT<\/title>\n<meta name=\"robots\" content=\"index, follow, max-snippet:-1, max-image-preview:large, max-video-preview:-1\" \/>\n<link rel=\"canonical\" href=\"https:\/\/www.kosit.sk\/en\/local-governments\/bulk-waste-collection-fair-weighing-5\/\" \/>\n<meta property=\"og:locale\" content=\"en_US\" \/>\n<meta property=\"og:type\" content=\"article\" \/>\n<meta property=\"og:title\" content=\"Bulk waste collection - fair weighing - KOSIT\" \/>\n<meta property=\"og:description\" content=\"Ako zber prebieha? Obyvatelia doma vytriedia textiln\u00fd odpad do vriec s maxim\u00e1lnym objemom 120 litrov. Vrecia pevne zavia\u017eu a odovzdaj\u00fa ich na obecnom \u00farade alebo na mieste ur\u010denom starostom \/ starostkou. Najnesk\u00f4r 2 dni pred napl\u00e1novan\u00fdm odvozom starosta alebo poveren\u00fd pracovn\u00edk obce hl\u00e1si n\u00e1\u0161mu obchodn\u00e9mu z\u00e1stupcovi po\u010det vyzbieran\u00fdch vriec, aby na\u0161a spolo\u010dnos\u0165 prisp\u00f4sobila ve\u013ekos\u0165 vozidla. ... Bulk waste collection &#8211; fair weighing\" \/>\n<meta property=\"og:url\" content=\"https:\/\/www.kosit.sk\/en\/local-governments\/bulk-waste-collection-fair-weighing-5\/\" \/>\n<meta property=\"og:site_name\" content=\"KOSIT\" \/>\n<meta property=\"og:image\" content=\"https:\/\/www.kosit.sk\/wp-content\/uploads\/2026\/02\/textil-1024x614.jpg\" \/>\n\t<meta property=\"og:image:width\" content=\"1024\" \/>\n\t<meta property=\"og:image:height\" content=\"614\" \/>\n\t<meta property=\"og:image:type\" content=\"image\/jpeg\" \/>\n<meta name=\"twitter:card\" content=\"summary_large_image\" \/>\n<meta name=\"twitter:label1\" content=\"Est. reading time\" \/>\n\t<meta name=\"twitter:data1\" content=\"2 minutes\" \/>\n<script type=\"application\/ld+json\" class=\"yoast-schema-graph\">{\"@context\":\"https:\/\/schema.org\",\"@graph\":[{\"@type\":\"WebPage\",\"@id\":\"https:\/\/www.kosit.sk\/en\/local-governments\/bulk-waste-collection-fair-weighing-5\/\",\"url\":\"https:\/\/www.kosit.sk\/en\/local-governments\/bulk-waste-collection-fair-weighing-5\/\",\"name\":\"Bulk waste collection - fair weighing - KOSIT\",\"isPartOf\":{\"@id\":\"https:\/\/www.kosit.sk\/en\/#website\"},\"primaryImageOfPage\":{\"@id\":\"https:\/\/www.kosit.sk\/en\/local-governments\/bulk-waste-collection-fair-weighing-5\/#primaryimage\"},\"image\":{\"@id\":\"https:\/\/www.kosit.sk\/en\/local-governments\/bulk-waste-collection-fair-weighing-5\/#primaryimage\"},\"thumbnailUrl\":\"https:\/\/www.kosit.sk\/wp-content\/uploads\/2026\/02\/textil.jpg\",\"datePublished\":\"2026-02-26T21:53:43+00:00\",\"breadcrumb\":{\"@id\":\"https:\/\/www.kosit.sk\/en\/local-governments\/bulk-waste-collection-fair-weighing-5\/#breadcrumb\"},\"inLanguage\":\"en-US\",\"potentialAction\":[{\"@type\":\"ReadAction\",\"target\":[\"https:\/\/www.kosit.sk\/en\/local-governments\/bulk-waste-collection-fair-weighing-5\/\"]}]},{\"@type\":\"ImageObject\",\"inLanguage\":\"en-US\",\"@id\":\"https:\/\/www.kosit.sk\/en\/local-governments\/bulk-waste-collection-fair-weighing-5\/#primaryimage\",\"url\":\"https:\/\/www.kosit.sk\/wp-content\/uploads\/2026\/02\/textil.jpg\",\"contentUrl\":\"https:\/\/www.kosit.sk\/wp-content\/uploads\/2026\/02\/textil.jpg\",\"width\":6000,\"height\":3600},{\"@type\":\"BreadcrumbList\",\"@id\":\"https:\/\/www.kosit.sk\/en\/local-governments\/bulk-waste-collection-fair-weighing-5\/#breadcrumb\",\"itemListElement\":[{\"@type\":\"ListItem\",\"position\":1,\"name\":\"Domovsk\u00e1 str\u00e1nka\",\"item\":\"https:\/\/www.kosit.sk\/en\/\"},{\"@type\":\"ListItem\",\"position\":2,\"name\":\"Local governments\",\"item\":\"https:\/\/www.kosit.sk\/en\/local-governments\/\"},{\"@type\":\"ListItem\",\"position\":3,\"name\":\"Bulk waste collection &#8211; fair weighing\"}]},{\"@type\":\"WebSite\",\"@id\":\"https:\/\/www.kosit.sk\/en\/#website\",\"url\":\"https:\/\/www.kosit.sk\/en\/\",\"name\":\"Kosit\",\"description\":\"\",\"potentialAction\":[{\"@type\":\"SearchAction\",\"target\":{\"@type\":\"EntryPoint\",\"urlTemplate\":\"https:\/\/www.kosit.sk\/en\/?s={search_term_string}\"},\"query-input\":{\"@type\":\"PropertyValueSpecification\",\"valueRequired\":true,\"valueName\":\"search_term_string\"}}],\"inLanguage\":\"en-US\"}]}<\/script>\n<!-- \/ Yoast SEO plugin. -->","yoast_head_json":{"title":"Bulk waste collection - fair weighing - KOSIT","robots":{"index":"index","follow":"follow","max-snippet":"max-snippet:-1","max-image-preview":"max-image-preview:large","max-video-preview":"max-video-preview:-1"},"canonical":"https:\/\/www.kosit.sk\/en\/local-governments\/bulk-waste-collection-fair-weighing-5\/","og_locale":"en_US","og_type":"article","og_title":"Bulk waste collection - fair weighing - KOSIT","og_description":"Ako zber prebieha? Obyvatelia doma vytriedia textiln\u00fd odpad do vriec s maxim\u00e1lnym objemom 120 litrov. Vrecia pevne zavia\u017eu a odovzdaj\u00fa ich na obecnom \u00farade alebo na mieste ur\u010denom starostom \/ starostkou. Najnesk\u00f4r 2 dni pred napl\u00e1novan\u00fdm odvozom starosta alebo poveren\u00fd pracovn\u00edk obce hl\u00e1si n\u00e1\u0161mu obchodn\u00e9mu z\u00e1stupcovi po\u010det vyzbieran\u00fdch vriec, aby na\u0161a spolo\u010dnos\u0165 prisp\u00f4sobila ve\u013ekos\u0165 vozidla. ... Bulk waste collection &#8211; fair weighing","og_url":"https:\/\/www.kosit.sk\/en\/local-governments\/bulk-waste-collection-fair-weighing-5\/","og_site_name":"KOSIT","og_image":[{"width":1024,"height":614,"url":"https:\/\/www.kosit.sk\/wp-content\/uploads\/2026\/02\/textil-1024x614.jpg","type":"image\/jpeg"}],"twitter_card":"summary_large_image","twitter_misc":{"Est. reading time":"2 minutes"},"schema":{"@context":"https:\/\/schema.org","@graph":[{"@type":"WebPage","@id":"https:\/\/www.kosit.sk\/en\/local-governments\/bulk-waste-collection-fair-weighing-5\/","url":"https:\/\/www.kosit.sk\/en\/local-governments\/bulk-waste-collection-fair-weighing-5\/","name":"Bulk waste collection - fair weighing - KOSIT","isPartOf":{"@id":"https:\/\/www.kosit.sk\/en\/#website"},"primaryImageOfPage":{"@id":"https:\/\/www.kosit.sk\/en\/local-governments\/bulk-waste-collection-fair-weighing-5\/#primaryimage"},"image":{"@id":"https:\/\/www.kosit.sk\/en\/local-governments\/bulk-waste-collection-fair-weighing-5\/#primaryimage"},"thumbnailUrl":"https:\/\/www.kosit.sk\/wp-content\/uploads\/2026\/02\/textil.jpg","datePublished":"2026-02-26T21:53:43+00:00","breadcrumb":{"@id":"https:\/\/www.kosit.sk\/en\/local-governments\/bulk-waste-collection-fair-weighing-5\/#breadcrumb"},"inLanguage":"en-US","potentialAction":[{"@type":"ReadAction","target":["https:\/\/www.kosit.sk\/en\/local-governments\/bulk-waste-collection-fair-weighing-5\/"]}]},{"@type":"ImageObject","inLanguage":"en-US","@id":"https:\/\/www.kosit.sk\/en\/local-governments\/bulk-waste-collection-fair-weighing-5\/#primaryimage","url":"https:\/\/www.kosit.sk\/wp-content\/uploads\/2026\/02\/textil.jpg","contentUrl":"https:\/\/www.kosit.sk\/wp-content\/uploads\/2026\/02\/textil.jpg","width":6000,"height":3600},{"@type":"BreadcrumbList","@id":"https:\/\/www.kosit.sk\/en\/local-governments\/bulk-waste-collection-fair-weighing-5\/#breadcrumb","itemListElement":[{"@type":"ListItem","position":1,"name":"Domovsk\u00e1 str\u00e1nka","item":"https:\/\/www.kosit.sk\/en\/"},{"@type":"ListItem","position":2,"name":"Local governments","item":"https:\/\/www.kosit.sk\/en\/local-governments\/"},{"@type":"ListItem","position":3,"name":"Bulk waste collection &#8211; fair weighing"}]},{"@type":"WebSite","@id":"https:\/\/www.kosit.sk\/en\/#website","url":"https:\/\/www.kosit.sk\/en\/","name":"Kosit","description":"","potentialAction":[{"@type":"SearchAction","target":{"@type":"EntryPoint","urlTemplate":"https:\/\/www.kosit.sk\/en\/?s={search_term_string}"},"query-input":{"@type":"PropertyValueSpecification","valueRequired":true,"valueName":"search_term_string"}}],"inLanguage":"en-US"}]}},"_links":{"self":[{"href":"https:\/\/www.kosit.sk\/en\/wp-json\/wp\/v2\/pages\/8268","targetHints":{"allow":["GET"]}}],"collection":[{"href":"https:\/\/www.kosit.sk\/en\/wp-json\/wp\/v2\/pages"}],"about":[{"href":"https:\/\/www.kosit.sk\/en\/wp-json\/wp\/v2\/types\/page"}],"author":[{"embeddable":true,"href":"https:\/\/www.kosit.sk\/en\/wp-json\/wp\/v2\/users\/7"}],"replies":[{"embeddable":true,"href":"https:\/\/www.kosit.sk\/en\/wp-json\/wp\/v2\/comments?post=8268"}],"version-history":[{"count":2,"href":"https:\/\/www.kosit.sk\/en\/wp-json\/wp\/v2\/pages\/8268\/revisions"}],"predecessor-version":[{"id":8294,"href":"https:\/\/www.kosit.sk\/en\/wp-json\/wp\/v2\/pages\/8268\/revisions\/8294"}],"up":[{"embeddable":true,"href":"https:\/\/www.kosit.sk\/en\/wp-json\/wp\/v2\/pages\/5682"}],"wp:featuredmedia":[{"embeddable":true,"href":"https:\/\/www.kosit.sk\/en\/wp-json\/wp\/v2\/media\/8241"}],"wp:attachment":[{"href":"https:\/\/www.kosit.sk\/en\/wp-json\/wp\/v2\/media?parent=8268"}],"curies":[{"name":"wp","href":"https:\/\/api.w.org\/{rel}","templated":true}]}}